{"id":11,"date":"2023-09-29T13:15:44","date_gmt":"2023-09-29T13:15:44","guid":{"rendered":"https:\/\/marysens.com\/?page_id=11"},"modified":"2023-10-08T14:00:57","modified_gmt":"2023-10-08T14:00:57","slug":"accueil","status":"publish","type":"page","link":"https:\/\/marysens.com\/","title":{"rendered":"Accueil"},"content":{"rendered":"\n<div class=\"wp-block-uagb-container uagb-block-3f2c02d3 alignfull uagb-is-root-container\"><div class=\"uagb-container-inner-blocks-wrap\">\n<h1 class=\"wp-block-heading has-text-align-center has-ast-global-color-4-color has-text-color\">D\u00e9couvrez<br>Mary Sens<\/h1>\n\n\n\n<p class=\"has-text-align-center has-ast-global-color-4-color has-text-color\">L&rsquo;\u00e9vasion sensorielle au c\u0153ur du bien-\u00eatre absolu<br>Voyagez au pays des sens avec les mains expertes de Mary Sens.<\/p>\n<\/div><\/div>\n\n\n\n<div style=\"height:20px\" aria-hidden=\"true\" class=\"wp-block-spacer\"><\/div>\n\n\n\n<div class=\"wp-block-columns is-layout-flex wp-container-core-columns-is-layout-28f84493 wp-block-columns-is-layout-flex\">\n<div class=\"wp-block-column is-layout-flow wp-block-column-is-layout-flow\">\n<figure class=\"wp-block-table is-style-regular\"><table class=\"has-ast-global-color-6-background-color has-background has-border-color has-ast-global-color-6-border-color\"><tbody><tr><td><\/td><td class=\"has-text-align-center\" data-align=\"center\"><strong>30 min &#8211; 1 h<\/strong><\/td><\/tr><tr><td><strong>Massage californien\u00a0<br>Abhyannga &#8211; <em>drainant<\/em><\/strong><\/td><td class=\"has-text-align-center\" data-align=\"center\">40 \u20ac &#8211; 70 \u20ac<br>45 \u20ac &#8211; 75 \u20ac<\/td><\/tr><tr><td><\/td><td class=\"has-text-align-center\" data-align=\"center\"><\/td><\/tr><tr><td><\/td><td class=\"has-text-align-center\" data-align=\"center\"><strong>1 h<\/strong><\/td><\/tr><tr><td><strong>Hastrapana &#8211; <em>mains<\/em><br>R\u00e9flexologie plantaire<br>Massage post-natal<\/strong><\/td><td class=\"has-text-align-center\" data-align=\"center\">60 \u20ac<br>70 \u20ac<br>80 \u20ac<\/td><\/tr><tr><td><\/td><td class=\"has-text-align-center\" data-align=\"center\"><\/td><\/tr><tr><td><\/td><td class=\"has-text-align-center\" data-align=\"center\"><strong>30 min<\/strong><\/td><\/tr><tr><td><strong>Amma &#8211; <em>assis<\/em><\/strong><\/td><td class=\"has-text-align-center\" data-align=\"center\">40 \u20ac<\/td><\/tr><tr><td><\/td><td class=\"has-text-align-center\" data-align=\"center\"><strong>45 min<\/strong><\/td><\/tr><tr><td><strong>Shiroschampi<\/strong><\/td><td class=\"has-text-align-center\" data-align=\"center\">50 \u20ac<\/td><\/tr><\/tbody><\/table><\/figure>\n<\/div>\n\n\n\n<div class=\"wp-block-column is-vertically-aligned-center is-layout-flow wp-block-column-is-layout-flow\">\n<figure class=\"wp-block-image size-full\"><img loading=\"lazy\" decoding=\"async\" width=\"1024\" height=\"1024\" src=\"https:\/\/marysens.com\/wp-content\/uploads\/2023\/10\/main-116978312_20805120648_41_1.png\" alt=\"\" class=\"wp-image-65\" srcset=\"https:\/\/marysens.com\/wp-content\/uploads\/2023\/10\/main-116978312_20805120648_41_1.png 1024w, https:\/\/marysens.com\/wp-content\/uploads\/2023\/10\/main-116978312_20805120648_41_1-300x300.png 300w, https:\/\/marysens.com\/wp-content\/uploads\/2023\/10\/main-116978312_20805120648_41_1-150x150.png 150w, https:\/\/marysens.com\/wp-content\/uploads\/2023\/10\/main-116978312_20805120648_41_1-768x768.png 768w\" sizes=\"auto, (max-width: 1024px) 100vw, 1024px\" \/><\/figure>\n<\/div>\n<\/div>\n\n\n\n<div class=\"wp-block-uagb-container uagb-block-91992672 alignfull uagb-is-root-container\"><div class=\"uagb-container-inner-blocks-wrap\">\n<h2 class=\"wp-block-heading has-text-align-center\">Contactez-moi<\/h2>\n\n\n\n<p class=\"has-text-align-center\">Lunel et ses alentours<br>Sur rendez-vous uniquement, avec possibilit\u00e9 de venir sur place.<br>Le mercredi, jeudi et samedi (1\/2)<br>De 10h &#8211; 18h<\/p>\n\n\n\n<p class=\"has-text-align-center\"><a href=\"mailto:marysens34@gmail.com\">marysens34@gmail.com<\/a><\/p>\n\n\n\n<p class=\"has-text-align-center\">06.99.96.58.32<\/p>\n<\/div><\/div>\n","protected":false},"excerpt":{"rendered":"<p>D\u00e9couvrezMary Sens L&rsquo;\u00e9vasion sensorielle au c\u0153ur du bien-\u00eatre absoluVoyagez au pays des sens avec les mains expertes de Mary Sens. 30 min &#8211; 1 h Massage californien\u00a0Abhyannga &#8211; drainant 40 \u20ac &#8211; 70 \u20ac45 \u20ac &#8211; 75 \u20ac 1 h Hastrapana &#8211; mainsR\u00e9flexologie plantaireMassage post-natal 60 \u20ac70 \u20ac80 \u20ac 30 min Amma &#8211; assis 40 [&hellip;]<\/p>\n","protected":false},"author":1,"featured_media":0,"parent":0,"menu_order":0,"comment_status":"closed","ping_status":"closed","template":"","meta":{"_uag_custom_page_level_css":"","site-sidebar-layout":"default","site-content-layout":"","ast-site-content-layout":"default","site-content-style":"default","site-sidebar-style":"default","ast-global-header-display":"","ast-banner-title-visibility":"","ast-main-header-display":"","ast-hfb-above-header-display":"","ast-hfb-below-header-display":"","ast-hfb-mobile-header-display":"","site-post-title":"","ast-breadcrumbs-content":"","ast-featured-img":"","footer-sml-layout":"","ast-disable-related-posts":"","theme-transparent-header-meta":"","adv-header-id-meta":"","stick-header-meta":"","header-above-stick-meta":"","header-main-stick-meta":"","header-below-stick-meta":"","astra-migrate-meta-layouts":"default","ast-page-background-enabled":"default","ast-page-background-meta":{"desktop":{"background-color":"var(--ast-global-color-4)","background-image":"","background-repeat":"repeat","background-position":"center center","background-size":"auto","background-attachment":"scroll","background-type":"","background-media":"","overlay-type":"","overlay-color":"","overlay-opacity":"","overlay-gradient":""},"tablet":{"background-color":"","background-image":"","background-repeat":"repeat","background-position":"center center","background-size":"auto","background-attachment":"scroll","background-type":"","background-media":"","overlay-type":"","overlay-color":"","overlay-opacity":"","overlay-gradient":""},"mobile":{"background-color":"","background-image":"","background-repeat":"repeat","background-position":"center center","background-size":"auto","background-attachment":"scroll","background-type":"","background-media":"","overlay-type":"","overlay-color":"","overlay-opacity":"","overlay-gradient":""}},"ast-content-background-meta":{"desktop":{"background-color":"var(--ast-global-color-5)","background-image":"","background-repeat":"repeat","background-position":"center center","background-size":"auto","background-attachment":"scroll","background-type":"","background-media":"","overlay-type":"","overlay-color":"","overlay-opacity":"","overlay-gradient":""},"tablet":{"background-color":"var(--ast-global-color-5)","background-image":"","background-repeat":"repeat","background-position":"center center","background-size":"auto","background-attachment":"scroll","background-type":"","background-media":"","overlay-type":"","overlay-color":"","overlay-opacity":"","overlay-gradient":""},"mobile":{"background-color":"var(--ast-global-color-5)","background-image":"","background-repeat":"repeat","background-position":"center center","background-size":"auto","background-attachment":"scroll","background-type":"","background-media":"","overlay-type":"","overlay-color":"","overlay-opacity":"","overlay-gradient":""}},"footnotes":""},"class_list":["post-11","page","type-page","status-publish","hentry"],"uagb_featured_image_src":{"full":false,"thumbnail":false,"medium":false,"medium_large":false,"large":false,"1536x1536":false,"2048x2048":false},"uagb_author_info":{"display_name":"admin","author_link":"https:\/\/marysens.com\/?author=1"},"uagb_comment_info":0,"uagb_excerpt":"D\u00e9couvrezMary Sens L&rsquo;\u00e9vasion sensorielle au c\u0153ur du bien-\u00eatre absoluVoyagez au pays des sens avec les mains expertes de Mary Sens. 30 min &#8211; 1 h Massage californien\u00a0Abhyannga &#8211; drainant 40 \u20ac &#8211; 70 \u20ac45 \u20ac &#8211; 75 \u20ac 1 h Hastrapana &#8211; mainsR\u00e9flexologie plantaireMassage post-natal 60 \u20ac70 \u20ac80 \u20ac 30 min Amma &#8211; assis 40\u2026","_links":{"self":[{"href":"https:\/\/marysens.com\/index.php?rest_route=\/wp\/v2\/pages\/11","targetHints":{"allow":["GET"]}}],"collection":[{"href":"https:\/\/marysens.com\/index.php?rest_route=\/wp\/v2\/pages"}],"about":[{"href":"https:\/\/marysens.com\/index.php?rest_route=\/wp\/v2\/types\/page"}],"author":[{"embeddable":true,"href":"https:\/\/marysens.com\/index.php?rest_route=\/wp\/v2\/users\/1"}],"replies":[{"embeddable":true,"href":"https:\/\/marysens.com\/index.php?rest_route=%2Fwp%2Fv2%2Fcomments&post=11"}],"version-history":[{"count":23,"href":"https:\/\/marysens.com\/index.php?rest_route=\/wp\/v2\/pages\/11\/revisions"}],"predecessor-version":[{"id":72,"href":"https:\/\/marysens.com\/index.php?rest_route=\/wp\/v2\/pages\/11\/revisions\/72"}],"wp:attachment":[{"href":"https:\/\/marysens.com\/index.php?rest_route=%2Fwp%2Fv2%2Fmedia&parent=11"}],"curies":[{"name":"wp","href":"https:\/\/api.w.org\/{rel}","templated":true}]}}